{"id":11,"date":"2025-01-04T20:19:31","date_gmt":"2025-01-04T19:19:31","guid":{"rendered":"https:\/\/shopini.net\/?page_id=11"},"modified":"2025-01-10T00:22:59","modified_gmt":"2025-01-09T23:22:59","slug":"remboursements_retours","status":"publish","type":"page","link":"https:\/\/shopini.net\/ar\/remboursements_retours\/","title":{"rendered":"\u0633\u064a\u0627\u0633\u0629 \u0627\u0644\u0627\u0633\u062a\u0631\u062f\u0627\u062f \u0648\u0627\u0644\u0625\u0631\u062c\u0627\u0639"},"content":{"rendered":"<div data-elementor-type=\"wp-page\" data-elementor-id=\"11\" class=\"elementor elementor-11\">\n\t\t\t\t<div class=\"elementor-element elementor-element-9974a7c e-flex e-con-boxed e-con e-parent\" data-id=\"9974a7c\" data-element_type=\"container\" data-e-type=\"container\">\n\t\t\t\t\t<div class=\"e-con-inner\">\n\t\t\t\t<div class=\"elementor-element elementor-element-e40d26e elementor-widget elementor-widget-text-editor\" data-id=\"e40d26e\" data-element_type=\"widget\" data-e-type=\"widget\" data-widget_type=\"text-editor.default\">\n\t\t\t\t<div class=\"elementor-widget-container\">\n\t\t\t\t\t<style>.elementor-element-e40d26e{display:none !important}<\/style>\t\t\t\t<\/div>\n\t\t\t\t<\/div>\n\t\t\t\t\t<\/div>\n\t\t\t\t<\/div>\n\t\t<div class=\"elementor-element elementor-element-5a4f592 e-flex e-con-boxed e-con e-parent\" data-id=\"5a4f592\" data-element_type=\"container\" data-e-type=\"container\">\n\t\t\t\t\t<div class=\"e-con-inner\">\n\t\t\t\t<div class=\"elementor-element elementor-element-4cf6a2f elementor-widget elementor-widget-text-editor\" data-id=\"4cf6a2f\" data-element_type=\"widget\" data-e-type=\"widget\" data-widget_type=\"text-editor.default\">\n\t\t\t\t<div class=\"elementor-widget-container\">\n\t\t\t\t\t\t\t\t\t<hr \/>\n<p><strong>\u0633\u064a\u0627\u0633\u0629 \u0627\u0644\u0625\u0631\u062c\u0627\u0639 \u0648\u0627\u0644\u0627\u0633\u062a\u0631\u062f\u0627\u062f \u0644\u0644\u0627\u0634\u062a\u0631\u0627\u0643\u0627\u062a \u0641\u064a Shopini<\/strong><\/p>\n<p>\u0641\u064a Shopini\u060c \u0646\u0644\u062a\u0632\u0645 \u0628\u062a\u0642\u062f\u064a\u0645 \u062e\u062f\u0645\u0627\u062a \u0639\u0627\u0644\u064a\u0629 \u0627\u0644\u062c\u0648\u062f\u0629 \u0644\u0645\u0633\u0627\u0639\u062f\u0629 \u0639\u0645\u0644\u0627\u0626\u0646\u0627 \u0639\u0644\u0649 \u0627\u0644\u0646\u062c\u0627\u062d \u0641\u064a \u0623\u0646\u0634\u0637\u062a\u0647\u0645 \u0639\u0628\u0631 \u0627\u0644\u0625\u0646\u062a\u0631\u0646\u062a. \u062a\u0634\u0631\u062d \u0647\u0630\u0647 \u0627\u0644\u0633\u064a\u0627\u0633\u0629 \u0634\u0631\u0648\u0637 \u0627\u0644\u0625\u0631\u062c\u0627\u0639 \u0648\u0627\u0644\u0627\u0633\u062a\u0631\u062f\u0627\u062f \u0648\u0627\u0644\u0625\u0644\u063a\u0627\u0621 \u0644\u0644\u0627\u0634\u062a\u0631\u0627\u0643\u0627\u062a \u0644\u062f\u064a\u0646\u0627: Shopini Starter\u060c Shopini Premium\u060c \u0648Shopini Business.<\/p>\n<ol>\n<li>\n<p><strong>\u0627\u0644\u0634\u0631\u0648\u0637 \u0627\u0644\u0639\u0627\u0645\u0629<\/strong><br \/>\u0627\u0644\u0627\u0634\u062a\u0631\u0627\u0643\u0627\u062a \u0641\u064a Shopini \u0647\u064a \u062e\u062f\u0645\u0627\u062a \u0631\u0642\u0645\u064a\u0629 \u0645\u062f\u0641\u0648\u0639\u0629 \u064a\u0645\u0643\u0646 \u0627\u0644\u0648\u0635\u0648\u0644 \u0625\u0644\u064a\u0647\u0627 \u0641\u0648\u0631 \u062a\u0623\u0643\u064a\u062f \u0627\u0644\u062f\u0641\u0639.<br \/>\u0646\u0638\u0631\u064b\u0627 \u0644\u0644\u0637\u0628\u064a\u0639\u0629 \u0627\u0644\u0631\u0642\u0645\u064a\u0629 \u0644\u0644\u062e\u062f\u0645\u0627\u062a\u060c \u0641\u0625\u0646 \u0627\u0644\u0645\u062f\u0641\u0648\u0639\u0627\u062a \u0627\u0644\u062a\u064a \u062a\u0645 \u0625\u062c\u0631\u0627\u0624\u0647\u0627 \u063a\u064a\u0631 \u0642\u0627\u0628\u0644\u0629 \u0644\u0644\u0627\u0633\u062a\u0631\u062f\u0627\u062f\u060c \u0625\u0644\u0627 \u0641\u064a \u0627\u0644\u062d\u0627\u0644\u0627\u062a \u0627\u0644\u0645\u062d\u062f\u062f\u0629 \u0623\u062f\u0646\u0627\u0647.<\/p>\n<\/li>\n<li>\n<p><strong>\u0641\u062a\u0631\u0629 \u0627\u0644\u062a\u062c\u0631\u0628\u0629<\/strong><br \/>\u064a\u062a\u0645 \u062a\u0642\u062f\u064a\u0645 \u0641\u062a\u0631\u0629 \u062a\u062c\u0631\u0628\u0629 \u0645\u062c\u0627\u0646\u064a\u0629 \u0645\u062f\u062a\u0647\u0627 14 \u064a\u0648\u0645\u064b\u0627 \u0644\u062c\u0645\u064a\u0639 \u0627\u0644\u0627\u0634\u062a\u0631\u0627\u0643\u0627\u062a.<br \/>\u0644\u0646 \u064a\u062a\u0645 \u0641\u0631\u0636 \u0623\u064a \u0631\u0633\u0648\u0645 \u0637\u0627\u0644\u0645\u0627 \u0623\u0646 \u0627\u0644\u0627\u0634\u062a\u0631\u0627\u0643 \u0644\u0645 \u064a\u062a\u0645 \u062a\u0641\u0639\u064a\u0644\u0647.<br \/>\u064a\u0645\u0643\u0646 \u0644\u0644\u0645\u0633\u062a\u062e\u062f\u0645\u064a\u0646 \u0625\u0644\u063a\u0627\u0621 \u0627\u0634\u062a\u0631\u0627\u0643\u0647\u0645 \u062e\u0644\u0627\u0644 \u0641\u062a\u0631\u0629 \u0627\u0644\u062a\u062c\u0631\u0628\u0629 \u062f\u0648\u0646 \u0623\u064a \u0631\u0633\u0648\u0645.<\/p>\n<\/li>\n<li>\n<p><strong>\u0627\u0644\u0627\u0633\u062a\u0631\u062f\u0627\u062f<\/strong><br \/>\u0627\u0644\u0627\u0633\u062a\u0631\u062f\u0627\u062f \u0645\u0645\u0643\u0646 \u0641\u0642\u0637 \u0641\u064a \u0627\u0644\u062d\u0627\u0644\u0627\u062a \u0627\u0644\u062a\u0627\u0644\u064a\u0629:<\/p>\n<\/li>\n<\/ol>\n<ul>\n<li>\u062e\u0637\u0623 \u0641\u064a \u0627\u0644\u0641\u0648\u062a\u0631\u0629 \u0645\u0646 Shopini\u060c \u0645\u0645\u0627 \u064a\u0624\u062f\u064a \u0625\u0644\u0649 \u062f\u0641\u0639 \u063a\u064a\u0631 \u0635\u062d\u064a\u062d.<\/li>\n<li>\u0627\u0646\u0642\u0637\u0627\u0639 \u0637\u0648\u064a\u0644 \u0627\u0644\u0623\u0645\u062f (\u0623\u0643\u062b\u0631 \u0645\u0646 48 \u0633\u0627\u0639\u0629 \u0645\u062a\u0648\u0627\u0635\u0644\u0629) \u0641\u064a \u0627\u0644\u062e\u062f\u0645\u0627\u062a \u0628\u0633\u0628\u0628 \u0645\u0634\u0643\u0644\u0629 \u062a\u0642\u0646\u064a\u0629 \u0645\u0646 Shopini.<\/li>\n<\/ul>\n<p><strong>\u0627\u0644\u0627\u0633\u062a\u062b\u0646\u0627\u0621\u0627\u062a<\/strong>:<\/p>\n<ul>\n<li>\u0644\u0627 \u064a\u062a\u0645 \u0642\u0628\u0648\u0644 \u0637\u0644\u0628\u0627\u062a \u0627\u0644\u0627\u0633\u062a\u0631\u062f\u0627\u062f \u0628\u0633\u0628\u0628 \u062a\u063a\u064a\u064a\u0631 \u0627\u0644\u0631\u0623\u064a \u0623\u0648 \u0639\u062f\u0645 \u0627\u0633\u062a\u062e\u062f\u0627\u0645 \u0627\u0644\u062e\u062f\u0645\u0627\u062a.<\/li>\n<li>\u0627\u0644\u0627\u0634\u062a\u0631\u0627\u0643\u0627\u062a \u0627\u0644\u0634\u0647\u0631\u064a\u0629 \u0623\u0648 \u0627\u0644\u0633\u0646\u0648\u064a\u0629 \u0627\u0644\u0645\u0633\u062a\u062e\u062f\u0645\u0629 \u062c\u0632\u0626\u064a\u064b\u0627 \u063a\u064a\u0631 \u0642\u0627\u0628\u0644\u0629 \u0644\u0644\u0627\u0633\u062a\u0631\u062f\u0627\u062f.<\/li>\n<\/ul>\n<ol start=\"4\">\n<li>\n<p><strong>\u0625\u0644\u063a\u0627\u0621 \u0627\u0644\u0627\u0634\u062a\u0631\u0627\u0643<\/strong><br \/>\u064a\u0645\u0643\u0646 \u0625\u0644\u063a\u0627\u0621 \u0627\u0644\u0627\u0634\u062a\u0631\u0627\u0643\u0627\u062a \u0641\u064a \u0623\u064a \u0648\u0642\u062a \u0639\u0628\u0631 \u0644\u0648\u062d\u0629 \u0627\u0644\u062a\u062d\u0643\u0645 \u0644\u0644\u0645\u0633\u062a\u062e\u062f\u0645.<br \/>\u0628\u0645\u062c\u0631\u062f \u0627\u0644\u0625\u0644\u063a\u0627\u0621\u060c \u064a\u0638\u0644 \u0627\u0644\u0627\u0634\u062a\u0631\u0627\u0643 \u0641\u0639\u0627\u0644\u064b\u0627 \u062d\u062a\u0649 \u0646\u0647\u0627\u064a\u0629 \u0641\u062a\u0631\u0629 \u0627\u0644\u0641\u0648\u062a\u0631\u0629 \u0627\u0644\u062d\u0627\u0644\u064a\u0629 (\u0634\u0647\u0631\u064a\u0629 \u0623\u0648 \u0633\u0646\u0648\u064a\u0629).<br \/>\u0644\u0646 \u064a\u062a\u0645 \u0625\u0635\u062f\u0627\u0631 \u0623\u064a \u0627\u0633\u062a\u0631\u062f\u0627\u062f \u0623\u0648 \u0631\u0635\u064a\u062f \u0628\u0645\u0639\u062f\u0644 \u062c\u0632\u0626\u064a \u0644\u0644\u0641\u062a\u0631\u0629 \u0627\u0644\u0645\u062a\u0628\u0642\u064a\u0629 \u0628\u0639\u062f \u0627\u0644\u0625\u0644\u063a\u0627\u0621.<\/p>\n<\/li>\n<li>\n<p><strong>\u0625\u062c\u0631\u0627\u0621\u0627\u062a \u0637\u0644\u0628 \u0627\u0644\u0627\u0633\u062a\u0631\u062f\u0627\u062f<\/strong><br \/>\u064a\u0631\u062c\u0649 \u0627\u0644\u0627\u062a\u0635\u0627\u0644 \u0628\u062e\u062f\u0645\u0629 \u0627\u0644\u0639\u0645\u0644\u0627\u0621 \u0639\u0644\u0649 \u0627\u0644\u0639\u0646\u0648\u0627\u0646 \u0627\u0644\u062a\u0627\u0644\u064a: <a rel=\"noopener\">support@shopini.net<\/a> \u0641\u064a \u063a\u0636\u0648\u0646 7 \u0623\u064a\u0627\u0645 \u0645\u0646 \u0627\u0644\u0645\u0639\u0627\u0645\u0644\u0629 \u0627\u0644\u0645\u0639\u0646\u064a\u0629.<br \/>\u064a\u0631\u062c\u0649 \u062a\u0642\u062f\u064a\u0645 \u0627\u0644\u0645\u0639\u0644\u0648\u0645\u0627\u062a \u0627\u0644\u062a\u0627\u0644\u064a\u0629:<\/p>\n<\/li>\n<\/ol>\n<ul>\n<li>\u0627\u0644\u0627\u0633\u0645 \u0627\u0644\u0643\u0627\u0645\u0644.<\/li>\n<li>\u0639\u0646\u0648\u0627\u0646 \u0627\u0644\u0628\u0631\u064a\u062f \u0627\u0644\u0625\u0644\u0643\u062a\u0631\u0648\u0646\u064a \u0627\u0644\u0645\u0631\u062a\u0628\u0637 \u0628\u0627\u0644\u0627\u0634\u062a\u0631\u0627\u0643.<\/li>\n<li>\u062a\u0641\u0627\u0635\u064a\u0644 \u0627\u0644\u0645\u0639\u0627\u0645\u0644\u0629 (\u0627\u0644\u062a\u0627\u0631\u064a\u062e\u060c \u0627\u0644\u0645\u0628\u0644\u063a\u060c \u0627\u0644\u0645\u0631\u062c\u0639).<\/li>\n<li>\u0633\u0628\u0628 \u0637\u0644\u0628 \u0627\u0644\u0627\u0633\u062a\u0631\u062f\u0627\u062f.<br \/>\u0633\u064a\u062a\u0645 \u0641\u062d\u0635 \u0627\u0644\u0637\u0644\u0628\u0627\u062a \u0641\u064a \u063a\u0636\u0648\u0646 5 \u0623\u064a\u0627\u0645 \u0639\u0645\u0644\u060c \u0648\u0633\u062a\u062a\u0644\u0642\u0649 \u0631\u062f\u064b\u0627 \u0639\u0628\u0631 \u0627\u0644\u0628\u0631\u064a\u062f \u0627\u0644\u0625\u0644\u0643\u062a\u0631\u0648\u0646\u064a.<\/li>\n<\/ul>\n<ol start=\"6\">\n<li><strong>\u0627\u0644\u0623\u0633\u0626\u0644\u0629 \u0648\u0627\u0644\u062f\u0639\u0645<\/strong><br \/>\u0644\u0623\u064a \u0627\u0633\u062a\u0641\u0633\u0627\u0631 \u0623\u0648 \u062f\u0639\u0645\u060c \u064a\u0631\u062c\u0649 \u0627\u0644\u0627\u062a\u0635\u0627\u0644 \u0628\u0641\u0631\u064a\u0642 \u0627\u0644\u062f\u0639\u0645 \u0644\u062f\u064a\u0646\u0627:<\/li>\n<\/ol>\n<ul>\n<li>\u0627\u0644\u0628\u0631\u064a\u062f \u0627\u0644\u0625\u0644\u0643\u062a\u0631\u0648\u0646\u064a: <a rel=\"noopener\">support@shopini.net<\/a><\/li>\n<li>\u0627\u0644\u0647\u0627\u062a\u0641: 21692290880<\/li>\n<li>\u0633\u0627\u0639\u0627\u062a \u0627\u0644\u0639\u0645\u0644: \u0645\u0646 \u0627\u0644\u0625\u062b\u0646\u064a\u0646 \u0625\u0644\u0649 \u0627\u0644\u062c\u0645\u0639\u0629\u060c \u0645\u0646 \u0627\u0644\u0633\u0627\u0639\u0629 9 \u0635\u0628\u0627\u062d\u064b\u0627 \u0625\u0644\u0649 5 \u0645\u0633\u0627\u0621\u064b.<\/li>\n<\/ul>\n<p>\u0646\u0634\u0643\u0631\u0643\u0645 \u0639\u0644\u0649 \u062b\u0642\u062a\u0643\u0645 \u0648\u062a\u0641\u0647\u0645\u0643\u0645.<\/p>\t\t\t\t\t\t\t\t<\/div>\n\t\t\t\t<\/div>\n\t\t\t\t\t<\/div>\n\t\t\t\t<\/div>\n\t\t\t\t<\/div>","protected":false},"excerpt":{"rendered":"<p>Politique de retour et de remboursement pour les abonnements Shopini Chez Shopini, nous nous engageons \u00e0 fournir des services de qualit\u00e9 pour aider nos clients \u00e0 r\u00e9ussir dans leurs activit\u00e9s en ligne. Cette politique explique les conditions de retour, de remboursement et d&rsquo;annulation pour nos abonnements : Shopini Starter, Shopini Premium, et Shopini Business. 1. Conditions g\u00e9n\u00e9rales Les abonnements \u00e0 [&hellip;]<\/p>\n","protected":false},"author":1,"featured_media":0,"parent":0,"menu_order":0,"comment_status":"closed","ping_status":"closed","template":"","meta":{"_joinchat":[],"footnotes":""},"class_list":["post-11","page","type-page","status-publish","hentry"],"aioseo_notices":[],"_links":{"self":[{"href":"https:\/\/shopini.net\/ar\/wp-json\/wp\/v2\/pages\/11","targetHints":{"allow":["GET"]}}],"collection":[{"href":"https:\/\/shopini.net\/ar\/wp-json\/wp\/v2\/pages"}],"about":[{"href":"https:\/\/shopini.net\/ar\/wp-json\/wp\/v2\/types\/page"}],"author":[{"embeddable":true,"href":"https:\/\/shopini.net\/ar\/wp-json\/wp\/v2\/users\/1"}],"replies":[{"embeddable":true,"href":"https:\/\/shopini.net\/ar\/wp-json\/wp\/v2\/comments?post=11"}],"version-history":[{"count":0,"href":"https:\/\/shopini.net\/ar\/wp-json\/wp\/v2\/pages\/11\/revisions"}],"wp:attachment":[{"href":"https:\/\/shopini.net\/ar\/wp-json\/wp\/v2\/media?parent=11"}],"curies":[{"name":"wp","href":"https:\/\/api.w.org\/{rel}","templated":true}]}}