{"id":3,"date":"2024-03-08T02:03:49","date_gmt":"2024-03-08T01:03:49","guid":{"rendered":"https:\/\/shopini.net\/?page_id=3"},"modified":"2025-10-03T17:40:54","modified_gmt":"2025-10-03T15:40:54","slug":"politique-de-confidentialite","status":"publish","type":"page","link":"https:\/\/shopini.net\/ar\/politique-de-confidentialite\/","title":{"rendered":"\u0633\u064a\u0627\u0633\u0629 \u0627\u0644\u062e\u0635\u0648\u0635\u064a\u0629"},"content":{"rendered":"<div data-elementor-type=\"wp-page\" data-elementor-id=\"3\" class=\"elementor elementor-3\">\n\t\t\t\t<div class=\"elementor-element elementor-element-39fb5d1 e-flex e-con-boxed e-con e-parent\" data-id=\"39fb5d1\" data-element_type=\"container\" data-e-type=\"container\">\n\t\t\t\t\t<div class=\"e-con-inner\">\n\t\t\t\t<div class=\"elementor-element elementor-element-3d5123d elementor-widget elementor-widget-text-editor\" data-id=\"3d5123d\" data-element_type=\"widget\" data-e-type=\"widget\" data-widget_type=\"text-editor.default\">\n\t\t\t\t<div class=\"elementor-widget-container\">\n\t\t\t\t\t<style>.elementor-element-3d5123d{display:none !important}<\/style>\t\t\t\t<\/div>\n\t\t\t\t<\/div>\n\t\t\t\t\t<\/div>\n\t\t\t\t<\/div>\n\t\t<div class=\"elementor-element elementor-element-1d45f54 e-flex e-con-boxed e-con e-parent\" data-id=\"1d45f54\" data-element_type=\"container\" data-e-type=\"container\">\n\t\t\t\t\t<div class=\"e-con-inner\">\n\t\t\t\t<div class=\"elementor-element elementor-element-42316d4 elementor-widget elementor-widget-spacer\" data-id=\"42316d4\" data-element_type=\"widget\" data-e-type=\"widget\" data-widget_type=\"spacer.default\">\n\t\t\t\t<div class=\"elementor-widget-container\">\n\t\t\t\t\t\t\t<div class=\"elementor-spacer\">\n\t\t\t<div class=\"elementor-spacer-inner\"><\/div>\n\t\t<\/div>\n\t\t\t\t\t\t<\/div>\n\t\t\t\t<\/div>\n\t\t\t\t\t<\/div>\n\t\t\t\t<\/div>\n\t\t<div class=\"elementor-element elementor-element-eb3eb68 e-flex e-con-boxed e-con e-parent\" data-id=\"eb3eb68\" data-element_type=\"container\" data-e-type=\"container\">\n\t\t\t\t\t<div class=\"e-con-inner\">\n\t\t\t\t<div class=\"elementor-element elementor-element-7161ae3 elementor-widget elementor-widget-text-editor\" data-id=\"7161ae3\" data-element_type=\"widget\" data-e-type=\"widget\" data-widget_type=\"text-editor.default\">\n\t\t\t\t<div class=\"elementor-widget-container\">\n\t\t\t\t\t\t\t\t\t<h3><strong>\u0633\u064a\u0627\u0633\u0629 \u0627\u0644\u062e\u0635\u0648\u0635\u064a\u0629<\/strong><\/h3>\n<h4><strong>\u0645\u0642\u062f\u0645\u0629<\/strong><\/h4>\n<p>\u062a\u0647\u062f\u0641 \u0633\u064a\u0627\u0633\u0629 \u0627\u0644\u062e\u0635\u0648\u0635\u064a\u0629 \u0647\u0630\u0647 \u0625\u0644\u0649 \u0634\u0631\u062d \u0643\u064a\u0641\u064a\u0629 \u062c\u0645\u0639 \u0648\u0627\u0633\u062a\u062e\u062f\u0627\u0645 \u0645\u0639\u0644\u0648\u0645\u0627\u062a\u0643 \u0627\u0644\u0634\u062e\u0635\u064a\u0629. \u0645\u0627 \u0644\u0645 \u064a\u064f\u0630\u0643\u0631 \u062e\u0644\u0627\u0641 \u0630\u0644\u0643\u060c \u0633\u064a\u0643\u0648\u0646 \u0644\u0644\u0645\u0635\u0637\u0644\u062d\u0627\u062a \u0648\u0627\u0644\u062a\u0639\u0627\u0628\u064a\u0631 \u0627\u0644\u062a\u0627\u0644\u064a\u0629 \u0627\u0644\u0645\u0639\u0627\u0646\u064a \u0627\u0644\u0645\u062d\u062f\u062f\u0629 \u0644\u0647\u0627.<\/p>\n<hr \/>\n<h3><strong>\u0645\u0644\u0641\u0627\u062a \u062a\u0639\u0631\u064a\u0641 \u0627\u0644\u0627\u0631\u062a\u0628\u0627\u0637 (\u0627\u0644\u0643\u0648\u0643\u064a\u0632)<\/strong><\/h3>\n<p>\u0645\u0644\u0641\u0627\u062a \u062a\u0639\u0631\u064a\u0641 \u0627\u0644\u0627\u0631\u062a\u0628\u0627\u0637 \u0647\u064a \u0645\u0644\u0641\u0627\u062a \u0635\u063a\u064a\u0631\u0629 \u062a\u062d\u062a\u0648\u064a \u0639\u0644\u0649 \u0628\u064a\u0627\u0646\u0627\u062a \u062a\u064f\u062e\u0632\u0646 \u0628\u0648\u0627\u0633\u0637\u0629 \u0645\u062a\u0635\u0641\u062d \u0627\u0644\u0648\u064a\u0628 \u0639\u0644\u0649 \u062c\u0647\u0627\u0632 \u0627\u0644\u0645\u0633\u062a\u062e\u062f\u0645. \u064a\u0645\u0643\u0646 \u0623\u0646 \u062a\u062d\u062a\u0648\u064a \u0647\u0630\u0647 \u0627\u0644\u0645\u0644\u0641\u0627\u062a \u0639\u0644\u0649 \u0645\u0639\u0631\u0641\u0627\u062a \u0641\u0631\u064a\u062f\u0629 \u0645\u062c\u0647\u0648\u0644\u0629 \u0645\u0631\u062a\u0628\u0637\u0629 \u0628\u0627\u0644\u0643\u0648\u0643\u064a\u0632.<\/p>\n<p>\u062a\u064f\u0633\u062a\u062e\u062f\u0645 \u0645\u0644\u0641\u0627\u062a \u062a\u0639\u0631\u064a\u0641 \u0627\u0644\u0627\u0631\u062a\u0628\u0627\u0637 \u0641\u064a \u062a\u062a\u0628\u0639 \u062a\u0641\u0627\u0639\u0644\u0627\u062a \u0627\u0644\u0645\u0633\u062a\u062e\u062f\u0645 \u0645\u0639 \u0627\u0644\u0645\u0648\u0642\u0639 \u0644\u062a\u062d\u0633\u064a\u0646 \u062a\u062c\u0631\u0628\u0629 \u0627\u0644\u062a\u0635\u0641\u062d\u060c \u0645\u0646 \u062e\u0644\u0627\u0644 \u062d\u0641\u0638 \u062a\u0641\u0636\u064a\u0644\u0627\u062a \u0627\u0644\u0645\u0633\u062a\u062e\u062f\u0645 \u062f\u0648\u0646 \u0627\u0644\u062a\u0623\u062b\u064a\u0631 \u0639\u0644\u0649 \u0623\u062c\u0647\u0632\u062a\u0647. \u0647\u0630\u0647 \u0627\u0644\u0645\u0644\u0641\u0627\u062a \u0644\u0627 \u062a\u062d\u0627\u0648\u0644 \u0627\u0644\u062a\u062d\u0643\u0645 \u0641\u064a \u0623\u0648 \u0625\u062a\u0644\u0627\u0641 \u0627\u0644\u0623\u062c\u0647\u0632\u0629 \u0623\u0648 \u0627\u0633\u062a\u062e\u0631\u0627\u062c \u0628\u064a\u0627\u0646\u0627\u062a\u0643 \u0627\u0644\u0634\u062e\u0635\u064a\u0629. \u062a\u0638\u0644 \u0645\u0648\u062c\u0648\u062f\u0629 \u0639\u0644\u0649 \u062c\u0647\u0627\u0632\u0643 \u062d\u062a\u0649 \u0627\u0646\u062a\u0647\u0627\u0621 \u0635\u0644\u0627\u062d\u064a\u062a\u0647\u0627 \u0623\u0648 \u0625\u0632\u0627\u0644\u062a\u0647\u0627.<\/p>\n<hr \/>\n<h3><strong>\u00ab\u00a0\u0627\u0644\u0645\u0633\u062a\u062e\u062f\u0645 \u0627\u0644\u0645\u0633\u062c\u0644\u00a0\u00bb \u0623\u0648 \u00ab\u00a0\u0623\u0646\u062a\u00a0\u00bb<\/strong><\/h3>\n<p>\u064a\u0634\u0645\u0644 \u0647\u0630\u0627 \u0627\u0644\u0645\u0635\u0637\u0644\u062d \u0627\u0644\u0623\u0634\u062e\u0627\u0635 \u0627\u0644\u0637\u0628\u064a\u0639\u064a\u064a\u0646 \u0623\u0648 \u0627\u0644\u0627\u0639\u062a\u0628\u0627\u0631\u064a\u064a\u0646 \u0627\u0644\u0630\u064a\u0646 \u064a\u0642\u0648\u0645\u0648\u0646 \u0628\u062a\u062d\u0645\u064a\u0644\u060c \u062a\u062b\u0628\u064a\u062a\u060c \u0648\u062a\u0633\u062c\u064a\u0644 \u062d\u0633\u0627\u0628\u0627\u062a \u0639\u0644\u0649 \u062a\u0637\u0628\u064a\u0642 Shopini \u0644\u0644\u0627\u0633\u062a\u0641\u0627\u062f\u0629 \u0645\u0646 \u0627\u0644\u062e\u062f\u0645\u0627\u062a \u0627\u0644\u0645\u0642\u062f\u0645\u0629.<\/p>\n<hr \/>\n<h3><strong>\u0627\u0644\u062e\u062f\u0645\u0629<\/strong><\/h3>\n<p>\u064a\u0634\u0645\u0644 \u0647\u0630\u0627 \u0627\u0644\u0645\u0635\u0637\u0644\u062d \u062c\u0645\u064a\u0639 \u0627\u0644\u0623\u0646\u0634\u0637\u0629 \u0627\u0644\u062a\u064a \u064a\u0642\u0648\u0645 \u0628\u0647\u0627 \u0627\u0644\u0645\u0633\u062a\u062e\u062f\u0645\u0648\u0646 \u0627\u0644\u0645\u0633\u062c\u0644\u0648\u0646 \u0639\u0628\u0631 \u0627\u0644\u0645\u0648\u0642\u0639 \u0627\u0644\u0625\u0644\u0643\u062a\u0631\u0648\u0646\u064a \u0623\u0648 \u062a\u0637\u0628\u064a\u0642 Shopini \u0644\u0625\u0646\u0634\u0627\u0621 \u0645\u062a\u0627\u062c\u0631 \u0625\u0644\u0643\u062a\u0631\u0648\u0646\u064a\u0629 \u0645\u0633\u062a\u0636\u0627\u0641\u0629 \u0639\u0644\u0649 \u0645\u0646\u0635\u0629 Shopini.<\/p>\n<hr \/>\n<h3><strong>\u00ab\u00a0Shopini\u00a0\u00bb \u0623\u0648 \u00ab\u00a0\u0627\u0644\u0645\u0634\u063a\u0644\u00a0\u00bb \u0623\u0648 \u00ab\u00a0\u0646\u062d\u0646\u00a0\u00bb \u0623\u0648 \u00ab\u00a0\u0627\u0644\u0645\u0646\u0635\u0629\u00a0\u00bb<\/strong><\/h3>\n<p>Shopini \u0647\u064a \u0645\u0646\u0635\u0629 \u062a\u0645 \u0625\u0646\u0634\u0627\u0624\u0647\u0627 \u0641\u064a \u0639\u0627\u0645 2020 \u0648\u0647\u064a \u0639\u0644\u0627\u0645\u0629 \u062a\u062c\u0627\u0631\u064a\u0629 \u062a\u0627\u0628\u0639\u0629 \u0644\u0634\u0631\u0643\u0629 R-wan Solutions\u060c \u0648\u0647\u064a \u0634\u0631\u0643\u0629 \u062a\u0648\u0646\u0633\u064a\u0629 \u062a\u0639\u0645\u0644 \u0641\u064a \u0645\u062c\u0627\u0644 \u062a\u0643\u0646\u0648\u0644\u0648\u062c\u064a\u0627 \u0627\u0644\u0645\u0639\u0644\u0648\u0645\u0627\u062a \u0648\u0645\u0646\u062a\u062c\u0627\u062a \u0627\u0644\u0625\u0646\u062a\u0631\u0646\u062a\u060c \u0648\u064a\u0642\u0639 \u0645\u0642\u0631\u0647\u0627 \u0627\u0644\u0631\u0626\u064a\u0633\u064a \u0641\u064a \u062a\u0648\u0646\u0633.<\/p>\n<hr \/>\n<h3><strong>\u00ab\u00a0\u062a\u0637\u0628\u064a\u0642 Shopini\u00a0\u00bb \u0623\u0648 \u00ab\u00a0\u0627\u0644\u062a\u0637\u0628\u064a\u0642\u00a0\u00bb<\/strong><\/h3>\n<p>\u062a\u0637\u0628\u064a\u0642 Shopini \u0647\u0648 \u062a\u0637\u0628\u064a\u0642 \u0645\u062c\u0627\u0646\u064a \u064a\u062a\u0645 \u062a\u0642\u062f\u064a\u0645\u0647 \u0645\u0646 \u0642\u0628\u0644 Shopini \u0644\u0627\u0633\u062a\u062e\u062f\u0627\u0645\u0647 \u0643\u0645\u0627 \u0647\u0648. \u0625\u0630\u0627 \u0642\u0631\u0631\u062a \u0627\u0633\u062a\u062e\u062f\u0627\u0645 \u062e\u062f\u0645\u062a\u0646\u0627\u060c \u0641\u0625\u0646\u0643 \u062a\u0648\u0627\u0641\u0642 \u0639\u0644\u0649 \u062c\u0645\u0639 \u0648\u0627\u0633\u062a\u062e\u062f\u0627\u0645 \u0645\u0639\u0644\u0648\u0645\u0627\u062a\u0643 \u0648\u0641\u0642\u064b\u0627 \u0644\u0633\u064a\u0627\u0633\u0629 \u0627\u0644\u062e\u0635\u0648\u0635\u064a\u0629 \u0647\u0630\u0647.<\/p>\n<hr \/>\n<h3><strong>\u062c\u0645\u0639 \u0627\u0644\u0645\u0639\u0644\u0648\u0645\u0627\u062a \u0648\u0627\u0633\u062a\u062e\u062f\u0627\u0645\u0647\u0627<\/strong><\/h3>\n<p>\u0644\u062a\u062d\u0642\u064a\u0642 \u0623\u0641\u0636\u0644 \u062a\u062c\u0631\u0628\u0629 \u0644\u0644\u0645\u0633\u062a\u062e\u062f\u0645\u060c \u0642\u062f \u0646\u0637\u0644\u0628 \u0645\u0646\u0643 \u062a\u0632\u0648\u064a\u062f\u0646\u0627 \u0628\u0628\u0639\u0636 \u0627\u0644\u0645\u0639\u0644\u0648\u0645\u0627\u062a \u0627\u0644\u0634\u062e\u0635\u064a\u0629 \u0627\u0644\u062a\u064a \u062a\u0633\u0627\u0639\u062f\u0646\u0627 \u0641\u064a \u0627\u0644\u062a\u0639\u0631\u0641 \u0639\u0644\u064a\u0643. \u0627\u0644\u0645\u0639\u0644\u0648\u0645\u0627\u062a \u0627\u0644\u062a\u064a \u064a\u062a\u0645 \u062c\u0645\u0639\u0647\u0627 \u062a\u064f\u062d\u0641\u0638 \u0648\u062a\u064f\u0633\u062a\u062e\u062f\u0645 \u0628\u0645\u0627 \u064a\u062a\u0648\u0627\u0641\u0642 \u0645\u0639 \u0633\u064a\u0627\u0633\u0629 \u0627\u0644\u062e\u0635\u0648\u0635\u064a\u0629 \u0647\u0630\u0647.<\/p>\n<p>\u0642\u062f \u064a\u0633\u062a\u062e\u062f\u0645 \u0627\u0644\u062a\u0637\u0628\u064a\u0642 \u062e\u062f\u0645\u0627\u062a \u062e\u0627\u0631\u062c\u064a\u0629 \u0642\u062f \u062a\u062c\u0645\u0639 \u0645\u0639\u0644\u0648\u0645\u0627\u062a \u064a\u0645\u0643\u0646 \u0627\u0633\u062a\u062e\u062f\u0627\u0645\u0647\u0627 \u0644\u0644\u062a\u0639\u0631\u0641 \u0639\u0644\u064a\u0643. \u0639\u0646\u062f \u0627\u0633\u062a\u062e\u062f\u0627\u0645\u0643 \u0644\u062e\u062f\u0645\u0627\u062a\u0646\u0627\u060c \u0646\u0642\u0648\u0645 \u0628\u062c\u0645\u0639 \u0628\u064a\u0627\u0646\u0627\u062a \u062a\u0644\u0642\u0627\u0626\u064a\u0629 \u0645\u0646 \u062c\u0647\u0627\u0632\u0643 \u0645\u062b\u0644 \u0639\u0646\u0648\u0627\u0646 IP\u060c \u0646\u0648\u0639 \u0627\u0644\u0645\u062a\u0635\u0641\u062d\u060c \u0627\u0644\u0635\u0641\u062d\u0627\u062a \u0627\u0644\u062a\u064a \u062a\u0645 \u0632\u064a\u0627\u0631\u062a\u0647\u0627\u060c \u0627\u0644\u0648\u0642\u062a \u0648\u0627\u0644\u062a\u0627\u0631\u064a\u062e\u060c \u0648\u0627\u0644\u0645\u062f\u0629 \u0627\u0644\u0632\u0645\u0646\u064a\u0629 \u0627\u0644\u062a\u064a \u0642\u064f\u0636\u064a\u064e\u062a \u0639\u0644\u0649 \u0627\u0644\u0635\u0641\u062d\u0627\u062a.<\/p>\n<hr \/>\n<h3><strong>\u0645\u0648\u0642\u0639 Shopini \u0627\u0644\u0625\u0644\u0643\u062a\u0631\u0648\u0646\u064a<\/strong><\/h3>\n<p>\u0627\u0644\u0645\u0648\u0642\u0639 \u0627\u0644\u0625\u0644\u0643\u062a\u0631\u0648\u0646\u064a <strong><a href=\"https:\/\/www.Shopini.com.tn\" target=\"_new\" rel=\"noopener\">https:\/\/www.Shopini.com.tn<\/a><\/strong> \u064a\u064f\u062f\u0627\u0631 \u0648\u064a\u064f\u0637\u0648\u0631 \u0648\u064a\u064f\u0634\u063a\u0644 \u0645\u0646 \u0642\u0628\u0644 Shopini.<\/p>\n<hr \/>\n<h3><strong>\u0627\u0644\u0623\u0645\u0627\u0646 \u0648\u062d\u0645\u0627\u064a\u0629 \u0627\u0644\u0628\u064a\u0627\u0646\u0627\u062a<\/strong><\/h3>\n<p>\u0646\u0644\u062a\u0632\u0645 \u0628\u0627\u062a\u062e\u0627\u0630 \u062c\u0645\u064a\u0639 \u0627\u0644\u062a\u062f\u0627\u0628\u064a\u0631 \u0627\u0644\u0644\u0627\u0632\u0645\u0629 \u0644\u062d\u0645\u0627\u064a\u0629 \u0628\u064a\u0627\u0646\u0627\u062a\u0643 \u0627\u0644\u0634\u062e\u0635\u064a\u0629 \u0648\u0636\u0645\u0627\u0646 \u0633\u0631\u064a\u062a\u0647\u0627. \u0628\u0627\u0644\u0631\u063a\u0645 \u0645\u0646 \u0630\u0644\u0643\u060c \u0644\u0627 \u064a\u0645\u0643\u0646\u0646\u0627 \u0636\u0645\u0627\u0646 \u0627\u0644\u0623\u0645\u0627\u0646 \u0627\u0644\u0643\u0627\u0645\u0644 \u0628\u0646\u0633\u0628\u0629 100% \u0639\u0644\u0649 \u0627\u0644\u0625\u0646\u062a\u0631\u0646\u062a.<\/p>\n<hr \/>\n<h3><strong>\u0627\u0644\u0628\u064a\u0627\u0646\u0627\u062a \u0627\u0644\u062a\u064a \u0646\u0642\u0648\u0645 \u0628\u062c\u0645\u0639\u0647\u0627 \u0648\u0627\u0633\u062a\u062e\u062f\u0627\u0645\u0647\u0627<\/strong><\/h3>\n<ol>\n<li>\n<p><strong>\u0627\u0644\u0628\u064a\u0627\u0646\u0627\u062a \u0627\u0644\u0634\u062e\u0635\u064a\u0629<\/strong>: \u0642\u062f \u0646\u0637\u0644\u0628 \u0645\u0646\u0643 \u062a\u0642\u062f\u064a\u0645 \u0645\u0639\u0644\u0648\u0645\u0627\u062a \u0634\u062e\u0635\u064a\u0629 \u0645\u062b\u0644 \u0639\u0646\u0648\u0627\u0646 \u0627\u0644\u0628\u0631\u064a\u062f \u0627\u0644\u0625\u0644\u0643\u062a\u0631\u0648\u0646\u064a\u060c \u0627\u0644\u0627\u0633\u0645 \u0627\u0644\u0643\u0627\u0645\u0644\u060c \u0627\u0644\u0639\u0645\u0631\u060c \u0627\u0644\u0639\u0646\u0648\u0627\u0646\u060c \u0623\u0648 \u0646\u0633\u062e\u0629 \u0645\u0646 \u0627\u0644\u0647\u0648\u064a\u0629 \u0623\u0648 \u062c\u0648\u0627\u0632 \u0627\u0644\u0633\u0641\u0631.<\/p>\n<\/li>\n<li>\n<p><strong>\u0628\u064a\u0627\u0646\u0627\u062a \u0627\u0644\u0627\u0633\u062a\u062e\u062f\u0627\u0645<\/strong>: \u062a\u064f\u062c\u0645\u0639 \u0628\u0634\u0643\u0644 \u062a\u0644\u0642\u0627\u0626\u064a \u0623\u062b\u0646\u0627\u0621 \u0627\u0633\u062a\u062e\u062f\u0627\u0645 \u0627\u0644\u062e\u062f\u0645\u0629\u060c \u0648\u062a\u0634\u0645\u0644 \u0627\u0644\u0628\u064a\u0627\u0646\u0627\u062a \u0645\u062b\u0644 \u0639\u0646\u0648\u0627\u0646 IP\u060c \u0646\u0648\u0639 \u0627\u0644\u0645\u062a\u0635\u0641\u062d\u060c \u0627\u0644\u0635\u0641\u062d\u0627\u062a \u0627\u0644\u062a\u064a \u062a\u0645 \u0632\u064a\u0627\u0631\u062a\u0647\u0627\u060c \u0627\u0644\u0648\u0642\u062a\u060c \u0648\u0627\u0644\u062a\u0627\u0631\u064a\u062e.<\/p>\n<\/li>\n<\/ol>\n<hr \/>\n<h3><strong>\u0646\u0642\u0644 \u0627\u0644\u0628\u064a\u0627\u0646\u0627\u062a<\/strong><\/h3>\n<p>\u062e\u0648\u0627\u062f\u0645 \u0628\u064a\u0627\u0646\u0627\u062a Shopini \u062a\u0642\u0639 \u0641\u064a \u0641\u0631\u0646\u0633\u0627\u060c \u0648\u0645\u0643\u0627\u062a\u0628\u0646\u0627 \u0627\u0644\u062a\u0634\u063a\u064a\u0644\u064a\u0629 \u0645\u0648\u062c\u0648\u062f\u0629 \u0641\u064a \u062a\u0648\u0646\u0633. \u0642\u062f \u062a\u064f\u0646\u0642\u0644 \u0627\u0644\u0628\u064a\u0627\u0646\u0627\u062a \u0627\u0644\u0634\u062e\u0635\u064a\u0629 \u0625\u0644\u0649 \u0647\u0630\u0647 \u0627\u0644\u0645\u0648\u0627\u0642\u0639\u060c \u0648\u064a\u0648\u0627\u0641\u0642 \u0627\u0644\u0645\u0633\u062a\u062e\u062f\u0645 \u0639\u0644\u0649 \u0630\u0644\u0643 \u0628\u0645\u0648\u062c\u0628 \u0642\u0648\u0627\u0646\u064a\u0646 \u0648\u062a\u0634\u0631\u064a\u0639\u0627\u062a \u0647\u0630\u0647 \u0627\u0644\u0645\u0648\u0627\u0642\u0639.<\/p>\n<hr \/>\n<h3><strong>\u0625\u0641\u0634\u0627\u0621 \u0627\u0644\u0628\u064a\u0627\u0646\u0627\u062a \u0627\u0644\u0634\u062e\u0635\u064a\u0629<\/strong><\/h3>\n<p>\u0642\u062f \u0646\u0642\u0648\u0645 \u0628\u0627\u0644\u0643\u0634\u0641 \u0639\u0646 \u0628\u064a\u0627\u0646\u0627\u062a\u0643 \u0627\u0644\u0634\u062e\u0635\u064a\u0629 \u0641\u064a \u062d\u0627\u0644 \u0643\u0627\u0646 \u0630\u0644\u0643 \u0645\u0637\u0644\u0648\u0628\u064b\u0627 \u0628\u0645\u0648\u062c\u0628 \u0623\u0645\u0631 \u0642\u0636\u0627\u0626\u064a \u0623\u0648 \u0644\u062d\u0645\u0627\u064a\u0629 \u062d\u0642\u0648\u0642\u0646\u0627 \u0623\u0648 \u0645\u0645\u062a\u0644\u0643\u0627\u062a\u0646\u0627.<\/p>\n<hr \/>\n<h3><strong>\u0627\u0644\u0646\u0645\u0627\u0630\u062c \u0627\u0644\u0625\u0644\u0643\u062a\u0631\u0648\u0646\u064a\u0629<\/strong><\/h3>\n<p>\u0646\u062c\u0645\u0639 \u0628\u0639\u0636 \u0627\u0644\u0628\u064a\u0627\u0646\u0627\u062a \u0639\u0628\u0631 \u0627\u0644\u0646\u0645\u0627\u0630\u062c \u0627\u0644\u0625\u0644\u0643\u062a\u0631\u0648\u0646\u064a\u0629 \u0627\u0644\u0645\u0648\u062c\u0648\u062f\u0629 \u0639\u0644\u0649 \u0645\u0648\u0642\u0639 Shopini\u060c \u0648\u0630\u0644\u0643 \u0628\u0647\u062f\u0641 \u0627\u0644\u062a\u0639\u0627\u0645\u0644 \u0645\u0639 \u0637\u0644\u0628\u0627\u062a \u0627\u0644\u0645\u0633\u062a\u062e\u062f\u0645\u064a\u0646 \u0628\u0634\u0643\u0644 \u0641\u0639\u0627\u0644. \u062c\u0645\u064a\u0639 \u0627\u0644\u0628\u064a\u0627\u0646\u0627\u062a \u0627\u0644\u062a\u064a \u064a\u062a\u0645 \u062c\u0645\u0639\u0647\u0627 \u0647\u064a \u0627\u062e\u062a\u064a\u0627\u0631\u064a\u0629 \u0648\u064a\u062a\u0645 \u0627\u0633\u062a\u062e\u062f\u0627\u0645\u0647\u0627 \u0648\u0641\u0642\u064b\u0627 \u0644\u0633\u064a\u0627\u0633\u0629 \u0627\u0644\u062e\u0635\u0648\u0635\u064a\u0629.<\/p>\n<hr \/>\n<h3><strong>\u0645\u0634\u0627\u0631\u0643\u0629 \u0627\u0644\u0645\u0639\u0644\u0648\u0645\u0627\u062a \u0645\u0639 \u0623\u0637\u0631\u0627\u0641 \u062b\u0627\u0644\u062b\u0629<\/strong><\/h3>\n<p>\u064a\u0645\u0643\u0646\u0643 \u0645\u0634\u0627\u0631\u0643\u0629 \u0645\u0639\u0644\u0648\u0645\u0627\u062a\u0643 \u0645\u0639 \u0623\u0637\u0631\u0627\u0641 \u062b\u0627\u0644\u062b\u0629 \u0639\u0628\u0631 \u062a\u0637\u0628\u064a\u0642 \u0623\u0648 \u0645\u0646\u0635\u0629 Shopini. \u0623\u0646\u062a \u0627\u0644\u0645\u0633\u0624\u0648\u0644 \u0627\u0644\u0648\u062d\u064a\u062f \u0639\u0646 \u062d\u0645\u0627\u064a\u0629 \u0647\u0630\u0647 \u0627\u0644\u0628\u064a\u0627\u0646\u0627\u062a.<\/p>\n<hr \/>\n<h3><strong>\u062a\u0623\u0645\u064a\u0646 \u0627\u0644\u0628\u064a\u0627\u0646\u0627\u062a<\/strong><\/h3>\n<p>\u0646\u062d\u0646 \u0646\u062a\u062e\u0630 \u062a\u062f\u0627\u0628\u064a\u0631 \u0623\u0645\u0646\u064a\u0629 \u0645\u0639\u0642\u0648\u0644\u0629 \u0644\u0636\u0645\u0627\u0646 \u062d\u0645\u0627\u064a\u0629 \u0628\u064a\u0627\u0646\u0627\u062a\u0643 \u0627\u0644\u0634\u062e\u0635\u064a\u0629 \u0648\u062e\u0635\u0648\u0635\u064a\u062a\u0647\u0627. \u0648\u0645\u0639 \u0630\u0644\u0643\u060c \u0644\u0627 \u064a\u0645\u0643\u0646\u0646\u0627 \u0636\u0645\u0627\u0646 \u0627\u0644\u0623\u0645\u0627\u0646 \u0628\u0646\u0633\u0628\u0629 100% \u0641\u064a \u062c\u0645\u064a\u0639 \u0627\u0644\u0623\u0648\u0642\u0627\u062a.<\/p>\n<hr \/>\n<h3><strong>\u0627\u0644\u062a\u063a\u064a\u064a\u0631\u0627\u062a \u0639\u0644\u0649 \u0633\u064a\u0627\u0633\u0629 \u0627\u0644\u062e\u0635\u0648\u0635\u064a\u0629<\/strong><\/h3>\n<p>\u062a\u062d\u062a\u0641\u0638 Shopini \u0628\u0627\u0644\u062d\u0642 \u0641\u064a \u062a\u0639\u062f\u064a\u0644 \u0647\u0630\u0647 \u0627\u0644\u0633\u064a\u0627\u0633\u0629 \u0641\u064a \u0623\u064a \u0648\u0642\u062a. \u0633\u062a\u0643\u0648\u0646 \u0627\u0644\u062a\u0639\u062f\u064a\u0644\u0627\u062a \u0633\u0627\u0631\u064a\u0629 \u0641\u0648\u0631 \u0646\u0634\u0631\u0647\u0627 \u0639\u0644\u0649 \u0627\u0644\u0645\u0648\u0642\u0639 \u0627\u0644\u0625\u0644\u0643\u062a\u0631\u0648\u0646\u064a \u0623\u0648 \u0627\u0644\u062a\u0637\u0628\u064a\u0642.<\/p>\n<hr \/>\n<h3><strong>\u0627\u062a\u0635\u0644 \u0628\u0646\u0627<\/strong><\/h3>\n<p>\u0625\u0630\u0627 \u0643\u0627\u0646 \u0644\u062f\u064a\u0643 \u0623\u064a \u0623\u0633\u0626\u0644\u0629 \u0628\u062e\u0635\u0648\u0635 \u0633\u064a\u0627\u0633\u0629 \u0627\u0644\u062e\u0635\u0648\u0635\u064a\u0629\u060c \u064a\u0631\u062c\u0649 \u0627\u0644\u062a\u0648\u0627\u0635\u0644 \u0645\u0639\u0646\u0627 \u0639\u0628\u0631 \u0627\u0644\u0628\u0631\u064a\u062f \u0627\u0644\u0625\u0644\u0643\u062a\u0631\u0648\u0646\u064a: <strong><a rel=\"noopener\">support@Shopini.tn<\/a><\/strong><\/p>\n<p><strong>\u062c\u0645\u064a\u0639 \u0627\u0644\u062d\u0642\u0648\u0642 \u0645\u062d\u0641\u0648\u0638\u0629 2020-2024 Shopini.com.tn<\/strong><\/p>\n<p><strong>\u0622\u062e\u0631 \u062a\u062d\u062f\u064a\u062b: 11\/2024<\/strong><\/p>\n<div id=\"simple-translate\" class=\"simple-translate-system-theme\">\n<div>\n<div class=\"simple-translate-button isShow\" style=\"background-image: url('chrome-extension:\/\/mhncgbfifjnhlilpnccgbimimkjejada\/icons\/512.png'); height: 22px; width: 22px; top: 49px; left: 133px;\">\u00a0<\/div>\n<div class=\"simple-translate-panel\" style=\"width: 300px; height: 200px; top: 0px; left: 0px; font-size: 13px;\">\n<div class=\"simple-translate-result-wrapper\" style=\"overflow: hidden;\">\n<div class=\"simple-translate-move\" draggable=\"true\">\u00a0<\/div>\n<div class=\"simple-translate-result-contents\">\n<p class=\"simple-translate-result\" dir=\"auto\">\u00a0<\/p>\n<p class=\"simple-translate-candidate\" dir=\"auto\">\u00a0<\/p>\n<\/div>\n<\/div>\n<\/div>\n<\/div>\n<\/div>\t\t\t\t\t\t\t\t<\/div>\n\t\t\t\t<\/div>\n\t\t\t\t\t<\/div>\n\t\t\t\t<\/div>\n\t\t\t\t<\/div>","protected":false},"excerpt":{"rendered":"<p>La pr\u00e9sente politique de confidentialit\u00e9 vise \u00e0 \u00e9claircir la mani\u00e8re dont vos informations personnelles sont collect\u00e9es, utilis\u00e9es et prot\u00e9g\u00e9es. En utilisant nos services, vous acceptez les pratiques d\u00e9crites ci-dessous. LES COOKIES Les cookies sont de petits fichiers contenant un ensemble de donn\u00e9es stock\u00e9es sur l\u2019ordinateur de l\u2019utilisateur par son navigateur web. Ils peuvent contenir des identifiants uniques anonymes. Les cookies [&hellip;]<\/p>\n","protected":false},"author":1,"featured_media":0,"parent":0,"menu_order":0,"comment_status":"closed","ping_status":"open","template":"","meta":{"_joinchat":[],"footnotes":""},"class_list":["post-3","page","type-page","status-publish","hentry"],"aioseo_notices":[],"_links":{"self":[{"href":"https:\/\/shopini.net\/ar\/wp-json\/wp\/v2\/pages\/3","targetHints":{"allow":["GET"]}}],"collection":[{"href":"https:\/\/shopini.net\/ar\/wp-json\/wp\/v2\/pages"}],"about":[{"href":"https:\/\/shopini.net\/ar\/wp-json\/wp\/v2\/types\/page"}],"author":[{"embeddable":true,"href":"https:\/\/shopini.net\/ar\/wp-json\/wp\/v2\/users\/1"}],"replies":[{"embeddable":true,"href":"https:\/\/shopini.net\/ar\/wp-json\/wp\/v2\/comments?post=3"}],"version-history":[{"count":0,"href":"https:\/\/shopini.net\/ar\/wp-json\/wp\/v2\/pages\/3\/revisions"}],"wp:attachment":[{"href":"https:\/\/shopini.net\/ar\/wp-json\/wp\/v2\/media?parent=3"}],"curies":[{"name":"wp","href":"https:\/\/api.w.org\/{rel}","templated":true}]}}